{"id":76,"date":"2020-10-23T21:04:02","date_gmt":"2020-10-23T21:04:02","guid":{"rendered":"https:\/\/tudoead.com.br\/?post_type=product&#038;p=76"},"modified":"2026-04-11T01:34:12","modified_gmt":"2026-04-11T01:34:12","slug":"desenvolvimento-de-sistemas","status":"publish","type":"product","link":"https:\/\/educa4.com.br\/index.php\/produto\/desenvolvimento-de-sistemas\/","title":{"rendered":"DESENVOLVIMENTO DE SISTEMAS"},"content":{"rendered":"<div class=\"col-12\">\n<p class=\"aos-init aos-animate\" data-aos=\"fade-up\">Num mundo cada vez mais conectado e tecnol\u00f3gico, se faz necess\u00e1rio que os desenvolvedores de sistemas estejam cada vez mais capacitados para suprir as exig\u00eancias do mercado.<\/p>\n<\/div>\n<div class=\"col-12 col-md-6\">\n<p class=\"aos-init aos-animate\" data-aos=\"fade-up\" data-aos-delay=\"200\">O curso de\u00a0<strong>Desenvolvimento de Sistemas<\/strong>\u00a0tem carga hor\u00e1ria de 88 horas e \u00e9 indicado para quem quer atuar com as novas tend\u00eancias da \u00e1rea de Tecnologia da Informa\u00e7\u00e3o. Os m\u00f3dulos trabalham com programa\u00e7\u00e3o, codifica\u00e7\u00e3o, depura\u00e7\u00e3o e testes de programas.<\/p>\n<ul class=\"my-4 aos-init aos-animate\" data-aos=\"fade-up\" data-aos-delay=\"400\">\n<li>Banco de Dados SQL;<\/li>\n<li>L\u00f3gica de Programa\u00e7\u00e3o;<\/li>\n<li>Programa\u00e7\u00e3o C# com\u00a0<em>Visual Studio<\/em>\u00a0&#8211; Intermedi\u00e1rio;<\/li>\n<li>Programa\u00e7\u00e3o C# com\u00a0<em>Visual Studio<\/em>\u00a0&#8211; Essencial;<\/li>\n<li>Programa\u00e7\u00e3o C# com\u00a0<em>Visual Studio<\/em>\u00a0&#8211; Avan\u00e7ado I;<\/li>\n<li>Programa\u00e7\u00e3o C# com\u00a0<em>Visual Studio<\/em>\u00a0&#8211; Avan\u00e7ado II.<\/li>\n<\/ul>\n<\/div>\n<p>&nbsp;<\/p>\n<p>&nbsp;<\/p>\n<p>&nbsp;<\/p>\n<p>&nbsp;<\/p>\n<p>&nbsp;<\/p>\n<p>&nbsp;<\/p>\n<p>&nbsp;<\/p>\n<p>&nbsp;<\/p>\n<p>&nbsp;<\/p>\n<p><em><strong>Pre\u00e7o:<\/strong><\/em> <strong><span style=\"color: #ff0000;\">12 Parcelas de R$ 190,00<\/span><\/strong><\/p>\n<p><span style=\"color: #0000ff;\"><strong>(TODO MATERIAL DID\u00c1TICO INCLUSOS, F\u00cdSICO E DIGITAL)<\/strong><\/span><\/p>\n<p><strong>CLIQUE EM <span style=\"color: #ff0000;\">COMPRAR<\/span> E EFETUE SUA MATR\u00cdCULA, PAGANDO A PRIMEIRA MENSALIDADE.<\/strong><\/p>\n<p><em><strong>Desconto Pontualidade:<\/strong><\/em> 10% para pagamentos at\u00e9 o vencimento.<\/p>\n<p>&nbsp;<\/p>\n<h3><span style=\"color: #ff0000;\"><strong>O CURSO \u00c9 FORNECIDO PELA SKILL.ED by Pearson &#8211; BARUERI.<\/strong><\/span><\/h3>\n<h4 class=\"text-red font-weight-light mb-3 aos-init aos-animate\" data-aos=\"fade-down\">SOBRE O SKILL.ED by Pearson<\/h4>\n<p class=\"aos-init aos-animate\" data-aos=\"fade-up\" data-aos-delay=\"200\">O Skill.Ed foi desenvolvido para proporcionar novas experi\u00eancias de ensino para crian\u00e7as, adolescentes e adultos por meio de solu\u00e7\u00f5es exclusivas que seguem o aprendizado cont\u00ednuo, respeitando as necessidades de cada fase da vida do aluno.<\/p>\n<p class=\"aos-init aos-animate\" data-aos=\"fade-up\" data-aos-delay=\"400\">Aqui, voc\u00ea encontrar\u00e1 cursos de ingl\u00eas e tamb\u00e9m cursos nas \u00e1reas de Carreira &amp; Desenvolvimento, Tecnologia &amp; Inova\u00e7\u00e3o, Marketing &amp; Vendas e Gest\u00e3o &amp; Neg\u00f3cios.<\/p>\n<h4 class=\"text-red font-weight-light mt-5 aos-init aos-animate\" data-aos=\"fade-down\">COMO FUNCIONA?<\/h4>\n<p class=\"aos-init aos-animate\" data-aos=\"fade-up\" data-aos-delay=\"200\">Os cursos do Skill.Ed s\u00e3o direcionados para crian\u00e7as (a partir de 8 anos), adolescentes e adultos. O primeiro passo \u00e9 escolher o curso ideal para alcan\u00e7ar as suas metas e viva a experi\u00eancia Skill.Ed by Pearson. Entenda abaixo como funciona o ensino do Skill.Ed!<\/p>\n<p data-aos=\"fade-up\" data-aos-delay=\"200\"><img fetchpriority=\"high\" decoding=\"async\" class=\"wp-image-57 size-full aligncenter\" src=\"https:\/\/educa4.com.br\/wp-content\/uploads\/2020\/10\/step-geral.fw_.png\" alt=\"\" width=\"1000\" height=\"250\" srcset=\"https:\/\/educa4.com.br\/wp-content\/uploads\/2020\/10\/step-geral.fw_.png 1000w, https:\/\/educa4.com.br\/wp-content\/uploads\/2020\/10\/step-geral.fw_-300x75.png 300w, https:\/\/educa4.com.br\/wp-content\/uploads\/2020\/10\/step-geral.fw_-768x192.png 768w, https:\/\/educa4.com.br\/wp-content\/uploads\/2020\/10\/step-geral.fw_-600x150.png 600w\" sizes=\"(max-width: 1000px) 100vw, 1000px\" \/><\/p>\n","protected":false},"excerpt":{"rendered":"<div class=\"col-12\">\n<div class=\"col-12\">\n<p class=\"aos-init aos-animate\" data-aos=\"fade-up\">Num mundo cada vez mais conectado e tecnol\u00f3gico, se faz necess\u00e1rio que os desenvolvedores de sistemas estejam cada vez mais capacitados para suprir as exig\u00eancias do mercado.<\/p>\n<\/div>\n<div class=\"col-12 col-md-6\">\n<p class=\"aos-init aos-animate\" data-aos=\"fade-up\" data-aos-delay=\"200\">O curso de\u00a0<strong>Desenvolvimento de Sistemas<\/strong>\u00a0tem carga hor\u00e1ria de 88 horas e \u00e9 indicado para quem quer atuar com as novas tend\u00eancias da \u00e1rea de Tecnologia da Informa\u00e7\u00e3o. Os m\u00f3dulos trabalham com programa\u00e7\u00e3o, codifica\u00e7\u00e3o, depura\u00e7\u00e3o e testes de programas.<\/p>\n<ul class=\"my-4 aos-init aos-animate\" data-aos=\"fade-up\" data-aos-delay=\"400\">\n<li>Banco de Dados SQL;<\/li>\n<li>L\u00f3gica de Programa\u00e7\u00e3o;<\/li>\n<li>Programa\u00e7\u00e3o C# com\u00a0<em>Visual Studio<\/em>\u00a0&#8211; Intermedi\u00e1rio;<\/li>\n<li>Programa\u00e7\u00e3o C# com\u00a0<em>Visual Studio<\/em>\u00a0&#8211; Essencial;<\/li>\n<li>Programa\u00e7\u00e3o C# com\u00a0<em>Visual Studio<\/em>\u00a0&#8211; Avan\u00e7ado I;<\/li>\n<li>Programa\u00e7\u00e3o C# com\u00a0<em>Visual Studio<\/em>\u00a0&#8211; Avan\u00e7ado II.<\/li>\n<\/ul>\n<\/div>\n<p>&nbsp;<\/p>\n<p>&nbsp;<\/p>\n<p>&nbsp;<\/p>\n<p>&nbsp;<\/p>\n<p>&nbsp;<\/p>\n<p>&nbsp;<\/p>\n<p>&nbsp;<\/p>\n<p>&nbsp;<\/p>\n<p>&nbsp;<\/p>\n<p><em><strong>Pre\u00e7o:<\/strong><\/em> <strong><span style=\"color: #ff0000;\">12 Parcelas de R$ 190,00<\/span><\/strong><\/p>\n<p><em><strong>Desconto Pontualidade:<\/strong><\/em> 10% para pagamentos at\u00e9 o vencimento.<\/p>\n<p class=\"aos-init aos-animate\" data-aos=\"fade-up\">\n<\/div>\n","protected":false},"featured_media":110,"comment_status":"open","ping_status":"closed","template":"","meta":[],"product_brand":[],"product_cat":[18],"product_tag":[],"class_list":{"0":"post-76","1":"product","2":"type-product","3":"status-publish","4":"has-post-thumbnail","6":"product_cat-informatica","8":"first","9":"instock","10":"virtual","11":"sold-individually","12":"purchasable","13":"product-type-simple"},"yoast_head":"<!-- This site is optimized with the Yoast SEO plugin v26.2 - https:\/\/yoast.com\/wordpress\/plugins\/seo\/ -->\n<title>DESENVOLVIMENTO DE SISTEMAS - Educa 4<\/title>\n<meta name=\"description\" content=\"Num mundo cada vez mais conectado e tecnol\u00f3gico, se faz necess\u00e1rio que os desenvolvedores de sistemas estejam cada vez mais capacitados para suprir as exig\u00eancias do mercado.O curso de Desenvolvimento de Sistemas tem carga hor\u00e1ria de 88 horas e \u00e9 indicado para quem quer atuar com as novas tend\u00eancias da \u00e1rea de Tecnologia da Informa\u00e7\u00e3o. Os m\u00f3dulos trabalham com programa\u00e7\u00e3o, codifica\u00e7\u00e3o, depura\u00e7\u00e3o e testes de programas.\" \/>\n<meta name=\"robots\" content=\"noindex, follow, max-snippet:-1, max-image-preview:large, max-video-preview:-1\" \/>\n<meta property=\"og:locale\" content=\"pt_BR\" \/>\n<meta property=\"og:type\" content=\"article\" \/>\n<meta property=\"og:title\" content=\"DESENVOLVIMENTO DE SISTEMAS - Educa 4\" \/>\n<meta property=\"og:description\" content=\"Num mundo cada vez mais conectado e tecnol\u00f3gico, se faz necess\u00e1rio que os desenvolvedores de sistemas estejam cada vez mais capacitados para suprir as exig\u00eancias do mercado.O curso de Desenvolvimento de Sistemas tem carga hor\u00e1ria de 88 horas e \u00e9 indicado para quem quer atuar com as novas tend\u00eancias da \u00e1rea de Tecnologia da Informa\u00e7\u00e3o. Os m\u00f3dulos trabalham com programa\u00e7\u00e3o, codifica\u00e7\u00e3o, depura\u00e7\u00e3o e testes de programas.\" \/>\n<meta property=\"og:url\" content=\"https:\/\/educa4.com.br\/index.php\/produto\/desenvolvimento-de-sistemas\/\" \/>\n<meta property=\"og:site_name\" content=\"Educa 4\" \/>\n<meta property=\"article:modified_time\" content=\"2026-04-11T01:34:12+00:00\" \/>\n<meta property=\"og:image\" content=\"https:\/\/educa4.com.br\/wp-content\/uploads\/2020\/10\/combo.jpg\" \/>\n\t<meta property=\"og:image:width\" content=\"300\" \/>\n\t<meta property=\"og:image:height\" content=\"300\" \/>\n\t<meta property=\"og:image:type\" content=\"image\/jpeg\" \/>\n<meta name=\"twitter:card\" content=\"summary_large_image\" \/>\n<meta name=\"twitter:label1\" content=\"Est. tempo de leitura\" \/>\n\t<meta name=\"twitter:data1\" content=\"2 minutos\" \/>\n<script type=\"application\/ld+json\" class=\"yoast-schema-graph\">{\"@context\":\"https:\/\/schema.org\",\"@graph\":[{\"@type\":\"WebPage\",\"@id\":\"https:\/\/educa4.com.br\/index.php\/produto\/desenvolvimento-de-sistemas\/\",\"url\":\"https:\/\/educa4.com.br\/index.php\/produto\/desenvolvimento-de-sistemas\/\",\"name\":\"DESENVOLVIMENTO DE SISTEMAS - Educa 4\",\"isPartOf\":{\"@id\":\"https:\/\/educa4.com.br\/#website\"},\"primaryImageOfPage\":{\"@id\":\"https:\/\/educa4.com.br\/index.php\/produto\/desenvolvimento-de-sistemas\/#primaryimage\"},\"image\":{\"@id\":\"https:\/\/educa4.com.br\/index.php\/produto\/desenvolvimento-de-sistemas\/#primaryimage\"},\"thumbnailUrl\":\"https:\/\/educa4.com.br\/wp-content\/uploads\/2020\/10\/combo.jpg\",\"datePublished\":\"2020-10-23T21:04:02+00:00\",\"dateModified\":\"2026-04-11T01:34:12+00:00\",\"description\":\"Num mundo cada vez mais conectado e tecnol\u00f3gico, se faz necess\u00e1rio que os desenvolvedores de sistemas estejam cada vez mais capacitados para suprir as exig\u00eancias do mercado.O curso de Desenvolvimento de Sistemas tem carga hor\u00e1ria de 88 horas e \u00e9 indicado para quem quer atuar com as novas tend\u00eancias da \u00e1rea de Tecnologia da Informa\u00e7\u00e3o. Os m\u00f3dulos trabalham com programa\u00e7\u00e3o, codifica\u00e7\u00e3o, depura\u00e7\u00e3o e testes de programas.\",\"breadcrumb\":{\"@id\":\"https:\/\/educa4.com.br\/index.php\/produto\/desenvolvimento-de-sistemas\/#breadcrumb\"},\"inLanguage\":\"pt-BR\",\"potentialAction\":[{\"@type\":\"ReadAction\",\"target\":[\"https:\/\/educa4.com.br\/index.php\/produto\/desenvolvimento-de-sistemas\/\"]}]},{\"@type\":\"ImageObject\",\"inLanguage\":\"pt-BR\",\"@id\":\"https:\/\/educa4.com.br\/index.php\/produto\/desenvolvimento-de-sistemas\/#primaryimage\",\"url\":\"https:\/\/educa4.com.br\/wp-content\/uploads\/2020\/10\/combo.jpg\",\"contentUrl\":\"https:\/\/educa4.com.br\/wp-content\/uploads\/2020\/10\/combo.jpg\",\"width\":300,\"height\":300},{\"@type\":\"BreadcrumbList\",\"@id\":\"https:\/\/educa4.com.br\/index.php\/produto\/desenvolvimento-de-sistemas\/#breadcrumb\",\"itemListElement\":[{\"@type\":\"ListItem\",\"position\":1,\"name\":\"Home\",\"item\":\"https:\/\/educa4.com.br\/\"},{\"@type\":\"ListItem\",\"position\":2,\"name\":\"Loja\",\"item\":\"https:\/\/educa4.com.br\/index.php\/loja\/\"},{\"@type\":\"ListItem\",\"position\":3,\"name\":\"DESENVOLVIMENTO DE SISTEMAS\"}]},{\"@type\":\"WebSite\",\"@id\":\"https:\/\/educa4.com.br\/#website\",\"url\":\"https:\/\/educa4.com.br\/\",\"name\":\"Educa 4\",\"description\":\"Sua Porta de Entrada para o Conhecimento.\",\"potentialAction\":[{\"@type\":\"SearchAction\",\"target\":{\"@type\":\"EntryPoint\",\"urlTemplate\":\"https:\/\/educa4.com.br\/?s={search_term_string}\"},\"query-input\":{\"@type\":\"PropertyValueSpecification\",\"valueRequired\":true,\"valueName\":\"search_term_string\"}}],\"inLanguage\":\"pt-BR\"}]}<\/script>\n<!-- \/ Yoast SEO plugin. -->","yoast_head_json":{"title":"DESENVOLVIMENTO DE SISTEMAS - Educa 4","description":"Num mundo cada vez mais conectado e tecnol\u00f3gico, se faz necess\u00e1rio que os desenvolvedores de sistemas estejam cada vez mais capacitados para suprir as exig\u00eancias do mercado.O curso de Desenvolvimento de Sistemas tem carga hor\u00e1ria de 88 horas e \u00e9 indicado para quem quer atuar com as novas tend\u00eancias da \u00e1rea de Tecnologia da Informa\u00e7\u00e3o. Os m\u00f3dulos trabalham com programa\u00e7\u00e3o, codifica\u00e7\u00e3o, depura\u00e7\u00e3o e testes de programas.","robots":{"index":"noindex","follow":"follow","max-snippet":"max-snippet:-1","max-image-preview":"max-image-preview:large","max-video-preview":"max-video-preview:-1"},"og_locale":"pt_BR","og_type":"article","og_title":"DESENVOLVIMENTO DE SISTEMAS - Educa 4","og_description":"Num mundo cada vez mais conectado e tecnol\u00f3gico, se faz necess\u00e1rio que os desenvolvedores de sistemas estejam cada vez mais capacitados para suprir as exig\u00eancias do mercado.O curso de Desenvolvimento de Sistemas tem carga hor\u00e1ria de 88 horas e \u00e9 indicado para quem quer atuar com as novas tend\u00eancias da \u00e1rea de Tecnologia da Informa\u00e7\u00e3o. Os m\u00f3dulos trabalham com programa\u00e7\u00e3o, codifica\u00e7\u00e3o, depura\u00e7\u00e3o e testes de programas.","og_url":"https:\/\/educa4.com.br\/index.php\/produto\/desenvolvimento-de-sistemas\/","og_site_name":"Educa 4","article_modified_time":"2026-04-11T01:34:12+00:00","og_image":[{"width":300,"height":300,"url":"https:\/\/educa4.com.br\/wp-content\/uploads\/2020\/10\/combo.jpg","type":"image\/jpeg"}],"twitter_card":"summary_large_image","twitter_misc":{"Est. tempo de leitura":"2 minutos"},"schema":{"@context":"https:\/\/schema.org","@graph":[{"@type":"WebPage","@id":"https:\/\/educa4.com.br\/index.php\/produto\/desenvolvimento-de-sistemas\/","url":"https:\/\/educa4.com.br\/index.php\/produto\/desenvolvimento-de-sistemas\/","name":"DESENVOLVIMENTO DE SISTEMAS - Educa 4","isPartOf":{"@id":"https:\/\/educa4.com.br\/#website"},"primaryImageOfPage":{"@id":"https:\/\/educa4.com.br\/index.php\/produto\/desenvolvimento-de-sistemas\/#primaryimage"},"image":{"@id":"https:\/\/educa4.com.br\/index.php\/produto\/desenvolvimento-de-sistemas\/#primaryimage"},"thumbnailUrl":"https:\/\/educa4.com.br\/wp-content\/uploads\/2020\/10\/combo.jpg","datePublished":"2020-10-23T21:04:02+00:00","dateModified":"2026-04-11T01:34:12+00:00","description":"Num mundo cada vez mais conectado e tecnol\u00f3gico, se faz necess\u00e1rio que os desenvolvedores de sistemas estejam cada vez mais capacitados para suprir as exig\u00eancias do mercado.O curso de Desenvolvimento de Sistemas tem carga hor\u00e1ria de 88 horas e \u00e9 indicado para quem quer atuar com as novas tend\u00eancias da \u00e1rea de Tecnologia da Informa\u00e7\u00e3o. Os m\u00f3dulos trabalham com programa\u00e7\u00e3o, codifica\u00e7\u00e3o, depura\u00e7\u00e3o e testes de programas.","breadcrumb":{"@id":"https:\/\/educa4.com.br\/index.php\/produto\/desenvolvimento-de-sistemas\/#breadcrumb"},"inLanguage":"pt-BR","potentialAction":[{"@type":"ReadAction","target":["https:\/\/educa4.com.br\/index.php\/produto\/desenvolvimento-de-sistemas\/"]}]},{"@type":"ImageObject","inLanguage":"pt-BR","@id":"https:\/\/educa4.com.br\/index.php\/produto\/desenvolvimento-de-sistemas\/#primaryimage","url":"https:\/\/educa4.com.br\/wp-content\/uploads\/2020\/10\/combo.jpg","contentUrl":"https:\/\/educa4.com.br\/wp-content\/uploads\/2020\/10\/combo.jpg","width":300,"height":300},{"@type":"BreadcrumbList","@id":"https:\/\/educa4.com.br\/index.php\/produto\/desenvolvimento-de-sistemas\/#breadcrumb","itemListElement":[{"@type":"ListItem","position":1,"name":"Home","item":"https:\/\/educa4.com.br\/"},{"@type":"ListItem","position":2,"name":"Loja","item":"https:\/\/educa4.com.br\/index.php\/loja\/"},{"@type":"ListItem","position":3,"name":"DESENVOLVIMENTO DE SISTEMAS"}]},{"@type":"WebSite","@id":"https:\/\/educa4.com.br\/#website","url":"https:\/\/educa4.com.br\/","name":"Educa 4","description":"Sua Porta de Entrada para o Conhecimento.","potentialAction":[{"@type":"SearchAction","target":{"@type":"EntryPoint","urlTemplate":"https:\/\/educa4.com.br\/?s={search_term_string}"},"query-input":{"@type":"PropertyValueSpecification","valueRequired":true,"valueName":"search_term_string"}}],"inLanguage":"pt-BR"}]}},"_links":{"self":[{"href":"https:\/\/educa4.com.br\/index.php\/wp-json\/wp\/v2\/product\/76","targetHints":{"allow":["GET"]}}],"collection":[{"href":"https:\/\/educa4.com.br\/index.php\/wp-json\/wp\/v2\/product"}],"about":[{"href":"https:\/\/educa4.com.br\/index.php\/wp-json\/wp\/v2\/types\/product"}],"replies":[{"embeddable":true,"href":"https:\/\/educa4.com.br\/index.php\/wp-json\/wp\/v2\/comments?post=76"}],"wp:featuredmedia":[{"embeddable":true,"href":"https:\/\/educa4.com.br\/index.php\/wp-json\/wp\/v2\/media\/110"}],"wp:attachment":[{"href":"https:\/\/educa4.com.br\/index.php\/wp-json\/wp\/v2\/media?parent=76"}],"wp:term":[{"taxonomy":"product_brand","embeddable":true,"href":"https:\/\/educa4.com.br\/index.php\/wp-json\/wp\/v2\/product_brand?post=76"},{"taxonomy":"product_cat","embeddable":true,"href":"https:\/\/educa4.com.br\/index.php\/wp-json\/wp\/v2\/product_cat?post=76"},{"taxonomy":"product_tag","embeddable":true,"href":"https:\/\/educa4.com.br\/index.php\/wp-json\/wp\/v2\/product_tag?post=76"}],"curies":[{"name":"wp","href":"https:\/\/api.w.org\/{rel}","templated":true}]}}