{"id":17,"date":"2020-10-22T21:33:48","date_gmt":"2020-10-22T21:33:48","guid":{"rendered":"https:\/\/tudoead.com.br\/?post_type=product&#038;p=17"},"modified":"2024-03-06T19:34:35","modified_gmt":"2024-03-06T19:34:35","slug":"youtubernapratica","status":"publish","type":"product","link":"https:\/\/educa4.com.br\/index.php\/produto\/youtubernapratica\/","title":{"rendered":"YOUTUBER NA PR\u00c1TICA &#8211; PACOTE COMBO"},"content":{"rendered":"<p class=\"aos-init aos-animate\" data-aos=\"fade-up\">O curso\u00a0<strong><em>YouTuber na Pr\u00e1tica<\/em><\/strong>\u00a0\u00e9 destinado para quem tem interesse em aprender sobre t\u00e9cnicas de pr\u00e9-produ\u00e7\u00e3o para v\u00eddeos. Os m\u00f3dulos exploram o processo de cria\u00e7\u00e3o de conte\u00fado e disponibiliza altas dicas para quem almeja ter um canal de sucesso. Al\u00e9m disso, os alunos tamb\u00e9m v\u00e3o conferir os melhores softwares de edi\u00e7\u00e3o de v\u00eddeo dispon\u00edveis no mercado, para que tenham um material audiovisual de qualidade!<\/p>\n<ul class=\"my-4 aos-init aos-animate\" data-aos=\"fade-up\" data-aos-delay=\"400\">\n<li><em>Adobe After Effects<\/em>;<\/li>\n<li><em>Adobe Illustrator<\/em>;<\/li>\n<li><em>Adobe Photoshop<\/em>\u00a0&#8211; Avan\u00e7ado;<\/li>\n<li><em>Adobe Photoshop<\/em>\u00a0&#8211; Essencial;<\/li>\n<li><em>Youtube<\/em>\u00a0na pr\u00e1tica &#8211;\u00a0<em>Adobe Premiere<\/em>;<\/li>\n<li><em>Youtube<\/em>\u00a0na pr\u00e1tica &#8211; Como ter um canal de sucesso.<\/li>\n<\/ul>\n<p><em><strong>Pre\u00e7o:<\/strong><\/em> <span style=\"color: #ff0000;\"><strong>12 Parcelas de R$ 190,00<\/strong><\/span><\/p>\n<p><span style=\"color: #0000ff;\"><strong>(TODO MATERIAL DID\u00c1TICO INCLUSOS, F\u00cdSICO E DIGITAL)<\/strong><\/span><\/p>\n<p><strong>CLIQUE EM <span style=\"color: #ff0000;\">COMPRAR<\/span> E EFETUE SUA MATR\u00cdCULA, PAGANDO A PRIMEIRA MENSALIDADE.<\/strong><\/p>\n<p><em><strong>Desconto Pontualidade:<\/strong><\/em> 10% para pagamentos at\u00e9 o vencimento.<\/p>\n<p>&nbsp;<\/p>\n<h3><span style=\"color: #ff0000;\"><strong>O CURSO \u00c9 FORNECIDO PELA SKILL.ED by Pearson &#8211; BARUERI.<\/strong><\/span><\/h3>\n<h4 class=\"text-red font-weight-light mb-3 aos-init aos-animate\" data-aos=\"fade-down\">SOBRE O SKILL.ED by Pearson<\/h4>\n<p class=\"aos-init aos-animate\" data-aos=\"fade-up\" data-aos-delay=\"200\">O Skill.Ed foi desenvolvido para proporcionar novas experi\u00eancias de ensino para crian\u00e7as, adolescentes e adultos por meio de solu\u00e7\u00f5es exclusivas que seguem o aprendizado cont\u00ednuo, respeitando as necessidades de cada fase da vida do aluno.<\/p>\n<p class=\"aos-init aos-animate\" data-aos=\"fade-up\" data-aos-delay=\"400\">Aqui, voc\u00ea encontrar\u00e1 cursos de ingl\u00eas e tamb\u00e9m cursos nas \u00e1reas de Carreira &amp; Desenvolvimento, Tecnologia &amp; Inova\u00e7\u00e3o, Marketing &amp; Vendas e Gest\u00e3o &amp; Neg\u00f3cios.<\/p>\n<h4 class=\"text-red font-weight-light mt-5 aos-init aos-animate\" data-aos=\"fade-down\">COMO FUNCIONA?<\/h4>\n<p class=\"aos-init aos-animate\" data-aos=\"fade-up\" data-aos-delay=\"200\">Os cursos do Skill.Ed s\u00e3o direcionados para crian\u00e7as (a partir de 8 anos), adolescentes e adultos. O primeiro passo \u00e9 escolher o curso ideal para alcan\u00e7ar as suas metas e viva a experi\u00eancia Skill.Ed by Pearson. Entenda abaixo como funciona o ensino do Skill.Ed!<\/p>\n<p data-aos=\"fade-up\" data-aos-delay=\"200\"><img fetchpriority=\"high\" decoding=\"async\" class=\"wp-image-57 size-full aligncenter\" src=\"https:\/\/educa4.com.br\/wp-content\/uploads\/2020\/10\/step-geral.fw_.png\" alt=\"\" width=\"1000\" height=\"250\" srcset=\"https:\/\/educa4.com.br\/wp-content\/uploads\/2020\/10\/step-geral.fw_.png 1000w, https:\/\/educa4.com.br\/wp-content\/uploads\/2020\/10\/step-geral.fw_-300x75.png 300w, https:\/\/educa4.com.br\/wp-content\/uploads\/2020\/10\/step-geral.fw_-768x192.png 768w, https:\/\/educa4.com.br\/wp-content\/uploads\/2020\/10\/step-geral.fw_-600x150.png 600w\" sizes=\"(max-width: 1000px) 100vw, 1000px\" \/><\/p>\n","protected":false},"excerpt":{"rendered":"<p class=\"aos-init aos-animate\" data-aos=\"fade-up\">O curso\u00a0<strong><em>YouTuber na Pr\u00e1tica<\/em><\/strong>\u00a0\u00e9 destinado para quem tem interesse em aprender sobre t\u00e9cnicas de pr\u00e9-produ\u00e7\u00e3o para v\u00eddeos. Os m\u00f3dulos exploram o processo de cria\u00e7\u00e3o de conte\u00fado e disponibiliza altas dicas para quem almeja ter um canal de sucesso. Al\u00e9m disso, os alunos tamb\u00e9m v\u00e3o conferir os melhores softwares de edi\u00e7\u00e3o de v\u00eddeo dispon\u00edveis no mercado, para que tenham um material audiovisual de qualidade!<\/p>\n<ul class=\"my-4 aos-init aos-animate\" data-aos=\"fade-up\" data-aos-delay=\"400\">\n<li><em>Adobe After Effects<\/em>;<\/li>\n<li><em>Adobe Illustrator<\/em>;<\/li>\n<li><em>Adobe Photoshop<\/em>\u00a0&#8211; Avan\u00e7ado;<\/li>\n<li><em>Adobe Photoshop<\/em>\u00a0&#8211; Essencial;<\/li>\n<li><em>Youtube<\/em>\u00a0na pr\u00e1tica &#8211;\u00a0<em>Adobe Premiere<\/em>;<\/li>\n<li><em>Youtube<\/em>\u00a0na pr\u00e1tica &#8211; Como ter um canal de sucesso.<\/li>\n<\/ul>\n<p>&nbsp;<\/p>\n<p><em><strong>Pre\u00e7o:<\/strong><\/em> 12 Parcelas de R$ 190,00<\/p>\n<p><em><strong>Desconto Pontualidade:<\/strong><\/em> 10% para pagamentos at\u00e9 o vencimento.<\/p>\n","protected":false},"featured_media":110,"comment_status":"open","ping_status":"closed","template":"","meta":[],"product_brand":[],"product_cat":[18,19],"product_tag":[],"class_list":{"0":"post-17","1":"product","2":"type-product","3":"status-publish","4":"has-post-thumbnail","6":"product_cat-informatica","7":"product_cat-marketing","9":"first","10":"instock","11":"virtual","12":"sold-individually","13":"purchasable","14":"product-type-simple"},"yoast_head":"<!-- This site is optimized with the Yoast SEO plugin v26.2 - https:\/\/yoast.com\/wordpress\/plugins\/seo\/ -->\n<title>Youtuber na Pr\u00e1tica - Skill Ed - Tudo EAD<\/title>\n<meta name=\"description\" content=\"O curso YouTuber na Pr\u00e1tica \u00e9 destinado para quem tem interesse em aprender sobre t\u00e9cnicas de pr\u00e9-produ\u00e7\u00e3o para v\u00eddeos. Os m\u00f3dulos exploram o processo de cria\u00e7\u00e3o de conte\u00fado e disponibiliza altas dicas para quem almeja ter um canal de sucesso. Al\u00e9m disso, os alunos tamb\u00e9m v\u00e3o conferir os melhores softwares de edi\u00e7\u00e3o de v\u00eddeo dispon\u00edveis no mercado, para que tenham um material audiovisual de qualidade!\" \/>\n<meta name=\"robots\" content=\"noindex, follow, max-snippet:-1, max-image-preview:large, max-video-preview:-1\" \/>\n<meta property=\"og:locale\" content=\"pt_BR\" \/>\n<meta property=\"og:type\" content=\"article\" \/>\n<meta property=\"og:title\" content=\"Youtuber na Pr\u00e1tica - Skill Ed - Tudo EAD\" \/>\n<meta property=\"og:description\" content=\"O curso YouTuber na Pr\u00e1tica \u00e9 destinado para quem tem interesse em aprender sobre t\u00e9cnicas de pr\u00e9-produ\u00e7\u00e3o para v\u00eddeos. Os m\u00f3dulos exploram o processo de cria\u00e7\u00e3o de conte\u00fado e disponibiliza altas dicas para quem almeja ter um canal de sucesso. Al\u00e9m disso, os alunos tamb\u00e9m v\u00e3o conferir os melhores softwares de edi\u00e7\u00e3o de v\u00eddeo dispon\u00edveis no mercado, para que tenham um material audiovisual de qualidade!\" \/>\n<meta property=\"og:url\" content=\"https:\/\/educa4.com.br\/index.php\/produto\/youtubernapratica\/\" \/>\n<meta property=\"og:site_name\" content=\"Educa 4\" \/>\n<meta property=\"article:modified_time\" content=\"2024-03-06T19:34:35+00:00\" \/>\n<meta property=\"og:image\" content=\"https:\/\/educa4.com.br\/wp-content\/uploads\/2020\/10\/combo.jpg\" \/>\n\t<meta property=\"og:image:width\" content=\"300\" \/>\n\t<meta property=\"og:image:height\" content=\"300\" \/>\n\t<meta property=\"og:image:type\" content=\"image\/jpeg\" \/>\n<meta name=\"twitter:card\" content=\"summary_large_image\" \/>\n<meta name=\"twitter:label1\" content=\"Est. tempo de leitura\" \/>\n\t<meta name=\"twitter:data1\" content=\"1 minuto\" \/>\n<script type=\"application\/ld+json\" class=\"yoast-schema-graph\">{\"@context\":\"https:\/\/schema.org\",\"@graph\":[{\"@type\":\"WebPage\",\"@id\":\"https:\/\/educa4.com.br\/index.php\/produto\/youtubernapratica\/\",\"url\":\"https:\/\/educa4.com.br\/index.php\/produto\/youtubernapratica\/\",\"name\":\"Youtuber na Pr\u00e1tica - Skill Ed - Tudo EAD\",\"isPartOf\":{\"@id\":\"https:\/\/educa4.com.br\/#website\"},\"primaryImageOfPage\":{\"@id\":\"https:\/\/educa4.com.br\/index.php\/produto\/youtubernapratica\/#primaryimage\"},\"image\":{\"@id\":\"https:\/\/educa4.com.br\/index.php\/produto\/youtubernapratica\/#primaryimage\"},\"thumbnailUrl\":\"https:\/\/educa4.com.br\/wp-content\/uploads\/2020\/10\/combo.jpg\",\"datePublished\":\"2020-10-22T21:33:48+00:00\",\"dateModified\":\"2024-03-06T19:34:35+00:00\",\"description\":\"O curso YouTuber na Pr\u00e1tica \u00e9 destinado para quem tem interesse em aprender sobre t\u00e9cnicas de pr\u00e9-produ\u00e7\u00e3o para v\u00eddeos. Os m\u00f3dulos exploram o processo de cria\u00e7\u00e3o de conte\u00fado e disponibiliza altas dicas para quem almeja ter um canal de sucesso. Al\u00e9m disso, os alunos tamb\u00e9m v\u00e3o conferir os melhores softwares de edi\u00e7\u00e3o de v\u00eddeo dispon\u00edveis no mercado, para que tenham um material audiovisual de qualidade!\",\"breadcrumb\":{\"@id\":\"https:\/\/educa4.com.br\/index.php\/produto\/youtubernapratica\/#breadcrumb\"},\"inLanguage\":\"pt-BR\",\"potentialAction\":[{\"@type\":\"ReadAction\",\"target\":[\"https:\/\/educa4.com.br\/index.php\/produto\/youtubernapratica\/\"]}]},{\"@type\":\"ImageObject\",\"inLanguage\":\"pt-BR\",\"@id\":\"https:\/\/educa4.com.br\/index.php\/produto\/youtubernapratica\/#primaryimage\",\"url\":\"https:\/\/educa4.com.br\/wp-content\/uploads\/2020\/10\/combo.jpg\",\"contentUrl\":\"https:\/\/educa4.com.br\/wp-content\/uploads\/2020\/10\/combo.jpg\",\"width\":300,\"height\":300},{\"@type\":\"BreadcrumbList\",\"@id\":\"https:\/\/educa4.com.br\/index.php\/produto\/youtubernapratica\/#breadcrumb\",\"itemListElement\":[{\"@type\":\"ListItem\",\"position\":1,\"name\":\"Home\",\"item\":\"https:\/\/educa4.com.br\/\"},{\"@type\":\"ListItem\",\"position\":2,\"name\":\"Loja\",\"item\":\"https:\/\/educa4.com.br\/index.php\/loja\/\"},{\"@type\":\"ListItem\",\"position\":3,\"name\":\"YOUTUBER NA PR\u00c1TICA &#8211; PACOTE COMBO\"}]},{\"@type\":\"WebSite\",\"@id\":\"https:\/\/educa4.com.br\/#website\",\"url\":\"https:\/\/educa4.com.br\/\",\"name\":\"Educa 4\",\"description\":\"Sua Porta de Entrada para o Conhecimento.\",\"potentialAction\":[{\"@type\":\"SearchAction\",\"target\":{\"@type\":\"EntryPoint\",\"urlTemplate\":\"https:\/\/educa4.com.br\/?s={search_term_string}\"},\"query-input\":{\"@type\":\"PropertyValueSpecification\",\"valueRequired\":true,\"valueName\":\"search_term_string\"}}],\"inLanguage\":\"pt-BR\"}]}<\/script>\n<!-- \/ Yoast SEO plugin. -->","yoast_head_json":{"title":"Youtuber na Pr\u00e1tica - Skill Ed - Tudo EAD","description":"O curso YouTuber na Pr\u00e1tica \u00e9 destinado para quem tem interesse em aprender sobre t\u00e9cnicas de pr\u00e9-produ\u00e7\u00e3o para v\u00eddeos. Os m\u00f3dulos exploram o processo de cria\u00e7\u00e3o de conte\u00fado e disponibiliza altas dicas para quem almeja ter um canal de sucesso. Al\u00e9m disso, os alunos tamb\u00e9m v\u00e3o conferir os melhores softwares de edi\u00e7\u00e3o de v\u00eddeo dispon\u00edveis no mercado, para que tenham um material audiovisual de qualidade!","robots":{"index":"noindex","follow":"follow","max-snippet":"max-snippet:-1","max-image-preview":"max-image-preview:large","max-video-preview":"max-video-preview:-1"},"og_locale":"pt_BR","og_type":"article","og_title":"Youtuber na Pr\u00e1tica - Skill Ed - Tudo EAD","og_description":"O curso YouTuber na Pr\u00e1tica \u00e9 destinado para quem tem interesse em aprender sobre t\u00e9cnicas de pr\u00e9-produ\u00e7\u00e3o para v\u00eddeos. Os m\u00f3dulos exploram o processo de cria\u00e7\u00e3o de conte\u00fado e disponibiliza altas dicas para quem almeja ter um canal de sucesso. Al\u00e9m disso, os alunos tamb\u00e9m v\u00e3o conferir os melhores softwares de edi\u00e7\u00e3o de v\u00eddeo dispon\u00edveis no mercado, para que tenham um material audiovisual de qualidade!","og_url":"https:\/\/educa4.com.br\/index.php\/produto\/youtubernapratica\/","og_site_name":"Educa 4","article_modified_time":"2024-03-06T19:34:35+00:00","og_image":[{"width":300,"height":300,"url":"https:\/\/educa4.com.br\/wp-content\/uploads\/2020\/10\/combo.jpg","type":"image\/jpeg"}],"twitter_card":"summary_large_image","twitter_misc":{"Est. tempo de leitura":"1 minuto"},"schema":{"@context":"https:\/\/schema.org","@graph":[{"@type":"WebPage","@id":"https:\/\/educa4.com.br\/index.php\/produto\/youtubernapratica\/","url":"https:\/\/educa4.com.br\/index.php\/produto\/youtubernapratica\/","name":"Youtuber na Pr\u00e1tica - Skill Ed - Tudo EAD","isPartOf":{"@id":"https:\/\/educa4.com.br\/#website"},"primaryImageOfPage":{"@id":"https:\/\/educa4.com.br\/index.php\/produto\/youtubernapratica\/#primaryimage"},"image":{"@id":"https:\/\/educa4.com.br\/index.php\/produto\/youtubernapratica\/#primaryimage"},"thumbnailUrl":"https:\/\/educa4.com.br\/wp-content\/uploads\/2020\/10\/combo.jpg","datePublished":"2020-10-22T21:33:48+00:00","dateModified":"2024-03-06T19:34:35+00:00","description":"O curso YouTuber na Pr\u00e1tica \u00e9 destinado para quem tem interesse em aprender sobre t\u00e9cnicas de pr\u00e9-produ\u00e7\u00e3o para v\u00eddeos. Os m\u00f3dulos exploram o processo de cria\u00e7\u00e3o de conte\u00fado e disponibiliza altas dicas para quem almeja ter um canal de sucesso. Al\u00e9m disso, os alunos tamb\u00e9m v\u00e3o conferir os melhores softwares de edi\u00e7\u00e3o de v\u00eddeo dispon\u00edveis no mercado, para que tenham um material audiovisual de qualidade!","breadcrumb":{"@id":"https:\/\/educa4.com.br\/index.php\/produto\/youtubernapratica\/#breadcrumb"},"inLanguage":"pt-BR","potentialAction":[{"@type":"ReadAction","target":["https:\/\/educa4.com.br\/index.php\/produto\/youtubernapratica\/"]}]},{"@type":"ImageObject","inLanguage":"pt-BR","@id":"https:\/\/educa4.com.br\/index.php\/produto\/youtubernapratica\/#primaryimage","url":"https:\/\/educa4.com.br\/wp-content\/uploads\/2020\/10\/combo.jpg","contentUrl":"https:\/\/educa4.com.br\/wp-content\/uploads\/2020\/10\/combo.jpg","width":300,"height":300},{"@type":"BreadcrumbList","@id":"https:\/\/educa4.com.br\/index.php\/produto\/youtubernapratica\/#breadcrumb","itemListElement":[{"@type":"ListItem","position":1,"name":"Home","item":"https:\/\/educa4.com.br\/"},{"@type":"ListItem","position":2,"name":"Loja","item":"https:\/\/educa4.com.br\/index.php\/loja\/"},{"@type":"ListItem","position":3,"name":"YOUTUBER NA PR\u00c1TICA &#8211; PACOTE COMBO"}]},{"@type":"WebSite","@id":"https:\/\/educa4.com.br\/#website","url":"https:\/\/educa4.com.br\/","name":"Educa 4","description":"Sua Porta de Entrada para o Conhecimento.","potentialAction":[{"@type":"SearchAction","target":{"@type":"EntryPoint","urlTemplate":"https:\/\/educa4.com.br\/?s={search_term_string}"},"query-input":{"@type":"PropertyValueSpecification","valueRequired":true,"valueName":"search_term_string"}}],"inLanguage":"pt-BR"}]}},"_links":{"self":[{"href":"https:\/\/educa4.com.br\/index.php\/wp-json\/wp\/v2\/product\/17","targetHints":{"allow":["GET"]}}],"collection":[{"href":"https:\/\/educa4.com.br\/index.php\/wp-json\/wp\/v2\/product"}],"about":[{"href":"https:\/\/educa4.com.br\/index.php\/wp-json\/wp\/v2\/types\/product"}],"replies":[{"embeddable":true,"href":"https:\/\/educa4.com.br\/index.php\/wp-json\/wp\/v2\/comments?post=17"}],"wp:featuredmedia":[{"embeddable":true,"href":"https:\/\/educa4.com.br\/index.php\/wp-json\/wp\/v2\/media\/110"}],"wp:attachment":[{"href":"https:\/\/educa4.com.br\/index.php\/wp-json\/wp\/v2\/media?parent=17"}],"wp:term":[{"taxonomy":"product_brand","embeddable":true,"href":"https:\/\/educa4.com.br\/index.php\/wp-json\/wp\/v2\/product_brand?post=17"},{"taxonomy":"product_cat","embeddable":true,"href":"https:\/\/educa4.com.br\/index.php\/wp-json\/wp\/v2\/product_cat?post=17"},{"taxonomy":"product_tag","embeddable":true,"href":"https:\/\/educa4.com.br\/index.php\/wp-json\/wp\/v2\/product_tag?post=17"}],"curies":[{"name":"wp","href":"https:\/\/api.w.org\/{rel}","templated":true}]}}