{"id":111,"date":"2024-03-06T19:38:37","date_gmt":"2024-03-06T19:38:37","guid":{"rendered":"https:\/\/green-yak-846361.hostingersite.com\/?post_type=product&#038;p=111"},"modified":"2024-03-06T19:38:38","modified_gmt":"2024-03-06T19:38:38","slug":"acompanhamento-do-transtorno-do-espectro-autista-tea","status":"publish","type":"product","link":"https:\/\/educa4.com.br\/index.php\/produto\/acompanhamento-do-transtorno-do-espectro-autista-tea\/","title":{"rendered":"Acompanhamento do Transtorno do Espectro Autista \u2013 TEA"},"content":{"rendered":"<p>No curso de Acompanhamento do Transtorno do Espectro Autista, \u00e9 poss\u00edvel desenvolver habilidades para criar estrat\u00e9gias eficazes que visam a inclus\u00e3o e o suporte significativo \u00e0s pessoas diagnosticadas com TEA em contextos sociais diversos.<\/p>\n<p>Ap\u00f3s a forma\u00e7\u00e3o, o aluno poder\u00e1 atuar como auxiliar em sala de aula, fazendo a media\u00e7\u00e3o entre aluno e professor, quando esse professor n\u00e3o tiver a devida capacita\u00e7\u00e3o para essa necessidade em especial ou, ainda, em ambientes multidisciplinares que preveem esse tipo de acompanhamento.<\/p>\n<p>&nbsp;<\/p>\n<p>1\u00ba M\u00f3dulo<\/p>\n<p>&#8211; TEORIAS PEDAG\u00d3GICAS APLICADAS \u00c0 EDUCA\u00c7\u00c3O ESPECIAL<br \/>\n&#8211; NEUROCI\u00caNCIA E APRENDIZAGEM<\/p>\n<p>2\u00ba M\u00f3dulo<\/p>\n<p>&#8211; GO &#8211; PROJETO DE VIDA<br \/>\n&#8211; TRANSTORNO GLOBAL DO DESENVOLVIMENTO E O ENSINO E APRENDIZAGEM NO CONTEXTO INCLUSIVO<\/p>\n<p>3\u00ba M\u00f3dulo<\/p>\n<p>&#8211; TECNOLOGIA ASSISTIVA PARA A EDUCA\u00c7\u00c3O INCLUSIVA<br \/>\n&#8211; PRODU\u00c7\u00c3O DO CONHECIMENTO CIENT\u00cdFICO, TECNOL\u00d3GICO E DISRUP\u00c7\u00c3O<\/p>\n<p>4\u00ba M\u00f3dulo<\/p>\n<p>&#8211; BASES DA COMPREENS\u00c3O DO TRANSTORNO DO ESPECTRO AUTISTA<br \/>\n&#8211; PROCESSOS AVALIATIVOS NA EDUCA\u00c7\u00c3O ESPECIAL<\/p>\n<p>5\u00ba M\u00f3dulo<\/p>\n<p>&#8211; PROCESSOS DE APRENDIZAGEM APLICADOS AO TEA<br \/>\n&#8211; MENTALIDADE CRIATIVA E EMPREENDEDORA<\/p>\n<p>&#8211; 6\u00ba M\u00f3dulo<\/p>\n<p>&#8211; \u00c9TICA NO ACOMPANHAMENTO DO TEA: FUNCIONALIDADE E PARTICIPA\u00c7\u00c3O SOCIOEDUCATIVA<br \/>\n&#8211; INTERVEN\u00c7\u00c3O E ABORDAGENS TERAP\u00caUTICAS AO TEA<\/p>\n<p>7\u00ba M\u00f3dulo<\/p>\n<p>&#8211; DESENVOLVIMENTO SOCIAL E COMPORTAMENTAL PARA O TEA<br \/>\n&#8211; FUNDAMENTOS, CONCEITOS E PRINC\u00cdPIOS DA AN\u00c1LISE COMPORTAMENTAL<br \/>\n&#8211; IMERS\u00c3O PROFISSIONAL: ACOMPANHAMENTO NO CONTEXTO ESCOLAR<br \/>\n&#8211; ESTUDO CONTEMPOR\u00c2NEO E TRANSVERSAL: AUTONOMIA INTELECTUAL, RELA\u00c7\u00c3O DE CONSUMO E SUSTENTABILIDADE<\/p>\n<p>8\u00ba M\u00f3dulo<\/p>\n<p>&#8211; ESTRAT\u00c9GIAS PREVENTIVAS DE MANEJO DE COMPORTAMENTO<br \/>\n&#8211; ENSINO DE HABILIDADES DE COMUNICA\u00c7\u00c3O ALTERNATIVA AUMENTATIVA<br \/>\n&#8211; ESTUDO CONTEMPOR\u00c2NEO E TRANSVERSAL: RELA\u00c7\u00d5ES \u00c9TNICO-RACIAIS, CULTURA E DIREITOS HUMANOS<br \/>\n&#8211; IMERS\u00c3O PROFISSIONAL: ACOMPANHAMENTO EM AMBIENTES MULTIDISCIPLINARES<\/p>\n","protected":false},"excerpt":{"rendered":"<p>No curso de Acompanhamento do Transtorno do Espectro Autista, \u00e9 poss\u00edvel desenvolver habilidades para criar estrat\u00e9gias eficazes que visam a inclus\u00e3o e o suporte significativo \u00e0s pessoas diagnosticadas com TEA em contextos sociais diversos. Ap\u00f3s a forma\u00e7\u00e3o, o aluno poder\u00e1 &hellip; <a href=\"https:\/\/educa4.com.br\/index.php\/produto\/acompanhamento-do-transtorno-do-espectro-autista-tea\/\">Conte\u00fado<\/a><\/p>\n","protected":false},"featured_media":112,"comment_status":"open","ping_status":"closed","template":"","meta":[],"product_brand":[],"product_cat":[15],"product_tag":[],"class_list":{"0":"post-111","1":"product","2":"type-product","3":"status-publish","4":"has-post-thumbnail","6":"product_cat-sem-categoria","8":"first","9":"instock","10":"shipping-taxable","11":"product-type-simple"},"yoast_head":"<!-- This site is optimized with the Yoast SEO plugin v26.2 - https:\/\/yoast.com\/wordpress\/plugins\/seo\/ -->\n<title>Acompanhamento do Transtorno do Espectro Autista \u2013 TEA - Educa 4<\/title>\n<meta name=\"robots\" content=\"noindex, follow, max-snippet:-1, max-image-preview:large, max-video-preview:-1\" \/>\n<meta property=\"og:locale\" content=\"pt_BR\" \/>\n<meta property=\"og:type\" content=\"article\" \/>\n<meta property=\"og:title\" content=\"Acompanhamento do Transtorno do Espectro Autista \u2013 TEA - Educa 4\" \/>\n<meta property=\"og:description\" content=\"No curso de Acompanhamento do Transtorno do Espectro Autista, \u00e9 poss\u00edvel desenvolver habilidades para criar estrat\u00e9gias eficazes que visam a inclus\u00e3o e o suporte significativo \u00e0s pessoas diagnosticadas com TEA em contextos sociais diversos. Ap\u00f3s a forma\u00e7\u00e3o, o aluno poder\u00e1 &hellip; Conte\u00fado\" \/>\n<meta property=\"og:url\" content=\"https:\/\/educa4.com.br\/index.php\/produto\/acompanhamento-do-transtorno-do-espectro-autista-tea\/\" \/>\n<meta property=\"og:site_name\" content=\"Educa 4\" \/>\n<meta property=\"article:modified_time\" content=\"2024-03-06T19:38:38+00:00\" \/>\n<meta property=\"og:image\" content=\"https:\/\/educa4.com.br\/wp-content\/uploads\/2024\/03\/2a3ab980-49e8-4cd9-992c-d348cb6a7a93.jpg\" \/>\n\t<meta property=\"og:image:width\" content=\"1080\" \/>\n\t<meta property=\"og:image:height\" content=\"1080\" \/>\n\t<meta property=\"og:image:type\" content=\"image\/jpeg\" \/>\n<meta name=\"twitter:card\" content=\"summary_large_image\" \/>\n<meta name=\"twitter:label1\" content=\"Est. tempo de leitura\" \/>\n\t<meta name=\"twitter:data1\" content=\"1 minuto\" \/>\n<script type=\"application\/ld+json\" class=\"yoast-schema-graph\">{\"@context\":\"https:\/\/schema.org\",\"@graph\":[{\"@type\":\"WebPage\",\"@id\":\"https:\/\/educa4.com.br\/index.php\/produto\/acompanhamento-do-transtorno-do-espectro-autista-tea\/\",\"url\":\"https:\/\/educa4.com.br\/index.php\/produto\/acompanhamento-do-transtorno-do-espectro-autista-tea\/\",\"name\":\"Acompanhamento do Transtorno do Espectro Autista \u2013 TEA - Educa 4\",\"isPartOf\":{\"@id\":\"https:\/\/educa4.com.br\/#website\"},\"primaryImageOfPage\":{\"@id\":\"https:\/\/educa4.com.br\/index.php\/produto\/acompanhamento-do-transtorno-do-espectro-autista-tea\/#primaryimage\"},\"image\":{\"@id\":\"https:\/\/educa4.com.br\/index.php\/produto\/acompanhamento-do-transtorno-do-espectro-autista-tea\/#primaryimage\"},\"thumbnailUrl\":\"https:\/\/educa4.com.br\/wp-content\/uploads\/2024\/03\/2a3ab980-49e8-4cd9-992c-d348cb6a7a93.jpg\",\"datePublished\":\"2024-03-06T19:38:37+00:00\",\"dateModified\":\"2024-03-06T19:38:38+00:00\",\"breadcrumb\":{\"@id\":\"https:\/\/educa4.com.br\/index.php\/produto\/acompanhamento-do-transtorno-do-espectro-autista-tea\/#breadcrumb\"},\"inLanguage\":\"pt-BR\",\"potentialAction\":[{\"@type\":\"ReadAction\",\"target\":[\"https:\/\/educa4.com.br\/index.php\/produto\/acompanhamento-do-transtorno-do-espectro-autista-tea\/\"]}]},{\"@type\":\"ImageObject\",\"inLanguage\":\"pt-BR\",\"@id\":\"https:\/\/educa4.com.br\/index.php\/produto\/acompanhamento-do-transtorno-do-espectro-autista-tea\/#primaryimage\",\"url\":\"https:\/\/educa4.com.br\/wp-content\/uploads\/2024\/03\/2a3ab980-49e8-4cd9-992c-d348cb6a7a93.jpg\",\"contentUrl\":\"https:\/\/educa4.com.br\/wp-content\/uploads\/2024\/03\/2a3ab980-49e8-4cd9-992c-d348cb6a7a93.jpg\",\"width\":1080,\"height\":1080},{\"@type\":\"BreadcrumbList\",\"@id\":\"https:\/\/educa4.com.br\/index.php\/produto\/acompanhamento-do-transtorno-do-espectro-autista-tea\/#breadcrumb\",\"itemListElement\":[{\"@type\":\"ListItem\",\"position\":1,\"name\":\"Home\",\"item\":\"https:\/\/educa4.com.br\/\"},{\"@type\":\"ListItem\",\"position\":2,\"name\":\"Loja\",\"item\":\"https:\/\/educa4.com.br\/index.php\/loja\/\"},{\"@type\":\"ListItem\",\"position\":3,\"name\":\"Acompanhamento do Transtorno do Espectro Autista \u2013 TEA\"}]},{\"@type\":\"WebSite\",\"@id\":\"https:\/\/educa4.com.br\/#website\",\"url\":\"https:\/\/educa4.com.br\/\",\"name\":\"Educa 4\",\"description\":\"Sua Porta de Entrada para o Conhecimento.\",\"potentialAction\":[{\"@type\":\"SearchAction\",\"target\":{\"@type\":\"EntryPoint\",\"urlTemplate\":\"https:\/\/educa4.com.br\/?s={search_term_string}\"},\"query-input\":{\"@type\":\"PropertyValueSpecification\",\"valueRequired\":true,\"valueName\":\"search_term_string\"}}],\"inLanguage\":\"pt-BR\"}]}<\/script>\n<!-- \/ Yoast SEO plugin. -->","yoast_head_json":{"title":"Acompanhamento do Transtorno do Espectro Autista \u2013 TEA - Educa 4","robots":{"index":"noindex","follow":"follow","max-snippet":"max-snippet:-1","max-image-preview":"max-image-preview:large","max-video-preview":"max-video-preview:-1"},"og_locale":"pt_BR","og_type":"article","og_title":"Acompanhamento do Transtorno do Espectro Autista \u2013 TEA - Educa 4","og_description":"No curso de Acompanhamento do Transtorno do Espectro Autista, \u00e9 poss\u00edvel desenvolver habilidades para criar estrat\u00e9gias eficazes que visam a inclus\u00e3o e o suporte significativo \u00e0s pessoas diagnosticadas com TEA em contextos sociais diversos. Ap\u00f3s a forma\u00e7\u00e3o, o aluno poder\u00e1 &hellip; Conte\u00fado","og_url":"https:\/\/educa4.com.br\/index.php\/produto\/acompanhamento-do-transtorno-do-espectro-autista-tea\/","og_site_name":"Educa 4","article_modified_time":"2024-03-06T19:38:38+00:00","og_image":[{"width":1080,"height":1080,"url":"https:\/\/educa4.com.br\/wp-content\/uploads\/2024\/03\/2a3ab980-49e8-4cd9-992c-d348cb6a7a93.jpg","type":"image\/jpeg"}],"twitter_card":"summary_large_image","twitter_misc":{"Est. tempo de leitura":"1 minuto"},"schema":{"@context":"https:\/\/schema.org","@graph":[{"@type":"WebPage","@id":"https:\/\/educa4.com.br\/index.php\/produto\/acompanhamento-do-transtorno-do-espectro-autista-tea\/","url":"https:\/\/educa4.com.br\/index.php\/produto\/acompanhamento-do-transtorno-do-espectro-autista-tea\/","name":"Acompanhamento do Transtorno do Espectro Autista \u2013 TEA - Educa 4","isPartOf":{"@id":"https:\/\/educa4.com.br\/#website"},"primaryImageOfPage":{"@id":"https:\/\/educa4.com.br\/index.php\/produto\/acompanhamento-do-transtorno-do-espectro-autista-tea\/#primaryimage"},"image":{"@id":"https:\/\/educa4.com.br\/index.php\/produto\/acompanhamento-do-transtorno-do-espectro-autista-tea\/#primaryimage"},"thumbnailUrl":"https:\/\/educa4.com.br\/wp-content\/uploads\/2024\/03\/2a3ab980-49e8-4cd9-992c-d348cb6a7a93.jpg","datePublished":"2024-03-06T19:38:37+00:00","dateModified":"2024-03-06T19:38:38+00:00","breadcrumb":{"@id":"https:\/\/educa4.com.br\/index.php\/produto\/acompanhamento-do-transtorno-do-espectro-autista-tea\/#breadcrumb"},"inLanguage":"pt-BR","potentialAction":[{"@type":"ReadAction","target":["https:\/\/educa4.com.br\/index.php\/produto\/acompanhamento-do-transtorno-do-espectro-autista-tea\/"]}]},{"@type":"ImageObject","inLanguage":"pt-BR","@id":"https:\/\/educa4.com.br\/index.php\/produto\/acompanhamento-do-transtorno-do-espectro-autista-tea\/#primaryimage","url":"https:\/\/educa4.com.br\/wp-content\/uploads\/2024\/03\/2a3ab980-49e8-4cd9-992c-d348cb6a7a93.jpg","contentUrl":"https:\/\/educa4.com.br\/wp-content\/uploads\/2024\/03\/2a3ab980-49e8-4cd9-992c-d348cb6a7a93.jpg","width":1080,"height":1080},{"@type":"BreadcrumbList","@id":"https:\/\/educa4.com.br\/index.php\/produto\/acompanhamento-do-transtorno-do-espectro-autista-tea\/#breadcrumb","itemListElement":[{"@type":"ListItem","position":1,"name":"Home","item":"https:\/\/educa4.com.br\/"},{"@type":"ListItem","position":2,"name":"Loja","item":"https:\/\/educa4.com.br\/index.php\/loja\/"},{"@type":"ListItem","position":3,"name":"Acompanhamento do Transtorno do Espectro Autista \u2013 TEA"}]},{"@type":"WebSite","@id":"https:\/\/educa4.com.br\/#website","url":"https:\/\/educa4.com.br\/","name":"Educa 4","description":"Sua Porta de Entrada para o Conhecimento.","potentialAction":[{"@type":"SearchAction","target":{"@type":"EntryPoint","urlTemplate":"https:\/\/educa4.com.br\/?s={search_term_string}"},"query-input":{"@type":"PropertyValueSpecification","valueRequired":true,"valueName":"search_term_string"}}],"inLanguage":"pt-BR"}]}},"_links":{"self":[{"href":"https:\/\/educa4.com.br\/index.php\/wp-json\/wp\/v2\/product\/111","targetHints":{"allow":["GET"]}}],"collection":[{"href":"https:\/\/educa4.com.br\/index.php\/wp-json\/wp\/v2\/product"}],"about":[{"href":"https:\/\/educa4.com.br\/index.php\/wp-json\/wp\/v2\/types\/product"}],"replies":[{"embeddable":true,"href":"https:\/\/educa4.com.br\/index.php\/wp-json\/wp\/v2\/comments?post=111"}],"wp:featuredmedia":[{"embeddable":true,"href":"https:\/\/educa4.com.br\/index.php\/wp-json\/wp\/v2\/media\/112"}],"wp:attachment":[{"href":"https:\/\/educa4.com.br\/index.php\/wp-json\/wp\/v2\/media?parent=111"}],"wp:term":[{"taxonomy":"product_brand","embeddable":true,"href":"https:\/\/educa4.com.br\/index.php\/wp-json\/wp\/v2\/product_brand?post=111"},{"taxonomy":"product_cat","embeddable":true,"href":"https:\/\/educa4.com.br\/index.php\/wp-json\/wp\/v2\/product_cat?post=111"},{"taxonomy":"product_tag","embeddable":true,"href":"https:\/\/educa4.com.br\/index.php\/wp-json\/wp\/v2\/product_tag?post=111"}],"curies":[{"name":"wp","href":"https:\/\/api.w.org\/{rel}","templated":true}]}}