{"id":35,"date":"2020-10-23T01:14:11","date_gmt":"2020-10-23T01:14:11","guid":{"rendered":"https:\/\/tudoead.com.br\/?page_id=35"},"modified":"2020-10-23T18:06:30","modified_gmt":"2020-10-23T18:06:30","slug":"como-funciona","status":"publish","type":"page","link":"https:\/\/educa4.com.br\/index.php\/como-funciona\/","title":{"rendered":"Como Funciona"},"content":{"rendered":"<h4 class=\"text-red font-weight-light mt-5 aos-init aos-animate\" data-aos=\"fade-down\">COMO FUNCIONA?<\/h4>\n<p class=\"aos-init aos-animate\" data-aos=\"fade-up\" data-aos-delay=\"200\">Os cursos do Skill.Ed s\u00e3o direcionados para crian\u00e7as (a partir de 8 anos), adolescentes e adultos. O primeiro passo \u00e9 escolher o curso ideal para alcan\u00e7ar as suas metas e viva a experi\u00eancia Skill.Ed by Pearson. Entenda abaixo como funciona o ensino do Skill.Ed!<\/p>\n<p data-aos=\"fade-up\" data-aos-delay=\"200\"><img fetchpriority=\"high\" decoding=\"async\" class=\"wp-image-57 size-full aligncenter\" src=\"https:\/\/educa4.com.br\/wp-content\/uploads\/2020\/10\/step-geral.fw_.png\" alt=\"\" width=\"1000\" height=\"250\" srcset=\"https:\/\/educa4.com.br\/wp-content\/uploads\/2020\/10\/step-geral.fw_.png 1000w, https:\/\/educa4.com.br\/wp-content\/uploads\/2020\/10\/step-geral.fw_-300x75.png 300w, https:\/\/educa4.com.br\/wp-content\/uploads\/2020\/10\/step-geral.fw_-768x192.png 768w, https:\/\/educa4.com.br\/wp-content\/uploads\/2020\/10\/step-geral.fw_-600x150.png 600w\" sizes=\"(max-width: 1000px) 100vw, 1000px\" \/><\/p>\n","protected":false},"excerpt":{"rendered":"<p>COMO FUNCIONA? Os cursos do Skill.Ed s\u00e3o direcionados para crian\u00e7as (a partir de 8 anos), adolescentes e adultos. O primeiro passo \u00e9 escolher o curso ideal para alcan\u00e7ar as suas metas e viva a experi\u00eancia Skill.Ed by Pearson. Entenda abaixo &hellip; <a href=\"https:\/\/educa4.com.br\/index.php\/como-funciona\/\">Conte\u00fado<\/a><\/p>\n","protected":false},"author":1,"featured_media":0,"parent":0,"menu_order":0,"comment_status":"closed","ping_status":"closed","template":"","meta":{"footnotes":""},"class_list":["post-35","page","type-page","status-publish","hentry"],"yoast_head":"<!-- This site is optimized with the Yoast SEO plugin v26.2 - https:\/\/yoast.com\/wordpress\/plugins\/seo\/ -->\n<title>Como Funciona - Educa 4<\/title>\n<meta name=\"robots\" content=\"noindex, follow, max-snippet:-1, max-image-preview:large, max-video-preview:-1\" \/>\n<meta property=\"og:locale\" content=\"pt_BR\" \/>\n<meta property=\"og:type\" content=\"article\" \/>\n<meta property=\"og:title\" content=\"Como Funciona - Educa 4\" \/>\n<meta property=\"og:description\" content=\"COMO FUNCIONA? Os cursos do Skill.Ed s\u00e3o direcionados para crian\u00e7as (a partir de 8 anos), adolescentes e adultos. O primeiro passo \u00e9 escolher o curso ideal para alcan\u00e7ar as suas metas e viva a experi\u00eancia Skill.Ed by Pearson. Entenda abaixo &hellip; Conte\u00fado\" \/>\n<meta property=\"og:url\" content=\"https:\/\/educa4.com.br\/index.php\/como-funciona\/\" \/>\n<meta property=\"og:site_name\" content=\"Educa 4\" \/>\n<meta property=\"article:modified_time\" content=\"2020-10-23T18:06:30+00:00\" \/>\n<meta property=\"og:image\" content=\"http:\/\/educa4.com.br\/wp-content\/uploads\/2020\/10\/step-geral.fw_.png\" \/>\n<meta name=\"twitter:card\" content=\"summary_large_image\" \/>\n<script type=\"application\/ld+json\" class=\"yoast-schema-graph\">{\"@context\":\"https:\/\/schema.org\",\"@graph\":[{\"@type\":\"WebPage\",\"@id\":\"https:\/\/educa4.com.br\/index.php\/como-funciona\/\",\"url\":\"https:\/\/educa4.com.br\/index.php\/como-funciona\/\",\"name\":\"Como Funciona - Educa 4\",\"isPartOf\":{\"@id\":\"https:\/\/educa4.com.br\/#website\"},\"primaryImageOfPage\":{\"@id\":\"https:\/\/educa4.com.br\/index.php\/como-funciona\/#primaryimage\"},\"image\":{\"@id\":\"https:\/\/educa4.com.br\/index.php\/como-funciona\/#primaryimage\"},\"thumbnailUrl\":\"http:\/\/educa4.com.br\/wp-content\/uploads\/2020\/10\/step-geral.fw_.png\",\"datePublished\":\"2020-10-23T01:14:11+00:00\",\"dateModified\":\"2020-10-23T18:06:30+00:00\",\"breadcrumb\":{\"@id\":\"https:\/\/educa4.com.br\/index.php\/como-funciona\/#breadcrumb\"},\"inLanguage\":\"pt-BR\",\"potentialAction\":[{\"@type\":\"ReadAction\",\"target\":[\"https:\/\/educa4.com.br\/index.php\/como-funciona\/\"]}]},{\"@type\":\"ImageObject\",\"inLanguage\":\"pt-BR\",\"@id\":\"https:\/\/educa4.com.br\/index.php\/como-funciona\/#primaryimage\",\"url\":\"https:\/\/educa4.com.br\/wp-content\/uploads\/2020\/10\/step-geral.fw_.png\",\"contentUrl\":\"https:\/\/educa4.com.br\/wp-content\/uploads\/2020\/10\/step-geral.fw_.png\",\"width\":1000,\"height\":250},{\"@type\":\"BreadcrumbList\",\"@id\":\"https:\/\/educa4.com.br\/index.php\/como-funciona\/#breadcrumb\",\"itemListElement\":[{\"@type\":\"ListItem\",\"position\":1,\"name\":\"Home\",\"item\":\"https:\/\/educa4.com.br\/\"},{\"@type\":\"ListItem\",\"position\":2,\"name\":\"Como Funciona\"}]},{\"@type\":\"WebSite\",\"@id\":\"https:\/\/educa4.com.br\/#website\",\"url\":\"https:\/\/educa4.com.br\/\",\"name\":\"Educa 4\",\"description\":\"Sua Porta de Entrada para o Conhecimento.\",\"potentialAction\":[{\"@type\":\"SearchAction\",\"target\":{\"@type\":\"EntryPoint\",\"urlTemplate\":\"https:\/\/educa4.com.br\/?s={search_term_string}\"},\"query-input\":{\"@type\":\"PropertyValueSpecification\",\"valueRequired\":true,\"valueName\":\"search_term_string\"}}],\"inLanguage\":\"pt-BR\"}]}<\/script>\n<!-- \/ Yoast SEO plugin. -->","yoast_head_json":{"title":"Como Funciona - Educa 4","robots":{"index":"noindex","follow":"follow","max-snippet":"max-snippet:-1","max-image-preview":"max-image-preview:large","max-video-preview":"max-video-preview:-1"},"og_locale":"pt_BR","og_type":"article","og_title":"Como Funciona - Educa 4","og_description":"COMO FUNCIONA? Os cursos do Skill.Ed s\u00e3o direcionados para crian\u00e7as (a partir de 8 anos), adolescentes e adultos. O primeiro passo \u00e9 escolher o curso ideal para alcan\u00e7ar as suas metas e viva a experi\u00eancia Skill.Ed by Pearson. Entenda abaixo &hellip; Conte\u00fado","og_url":"https:\/\/educa4.com.br\/index.php\/como-funciona\/","og_site_name":"Educa 4","article_modified_time":"2020-10-23T18:06:30+00:00","og_image":[{"url":"http:\/\/educa4.com.br\/wp-content\/uploads\/2020\/10\/step-geral.fw_.png","type":"","width":"","height":""}],"twitter_card":"summary_large_image","schema":{"@context":"https:\/\/schema.org","@graph":[{"@type":"WebPage","@id":"https:\/\/educa4.com.br\/index.php\/como-funciona\/","url":"https:\/\/educa4.com.br\/index.php\/como-funciona\/","name":"Como Funciona - Educa 4","isPartOf":{"@id":"https:\/\/educa4.com.br\/#website"},"primaryImageOfPage":{"@id":"https:\/\/educa4.com.br\/index.php\/como-funciona\/#primaryimage"},"image":{"@id":"https:\/\/educa4.com.br\/index.php\/como-funciona\/#primaryimage"},"thumbnailUrl":"http:\/\/educa4.com.br\/wp-content\/uploads\/2020\/10\/step-geral.fw_.png","datePublished":"2020-10-23T01:14:11+00:00","dateModified":"2020-10-23T18:06:30+00:00","breadcrumb":{"@id":"https:\/\/educa4.com.br\/index.php\/como-funciona\/#breadcrumb"},"inLanguage":"pt-BR","potentialAction":[{"@type":"ReadAction","target":["https:\/\/educa4.com.br\/index.php\/como-funciona\/"]}]},{"@type":"ImageObject","inLanguage":"pt-BR","@id":"https:\/\/educa4.com.br\/index.php\/como-funciona\/#primaryimage","url":"https:\/\/educa4.com.br\/wp-content\/uploads\/2020\/10\/step-geral.fw_.png","contentUrl":"https:\/\/educa4.com.br\/wp-content\/uploads\/2020\/10\/step-geral.fw_.png","width":1000,"height":250},{"@type":"BreadcrumbList","@id":"https:\/\/educa4.com.br\/index.php\/como-funciona\/#breadcrumb","itemListElement":[{"@type":"ListItem","position":1,"name":"Home","item":"https:\/\/educa4.com.br\/"},{"@type":"ListItem","position":2,"name":"Como Funciona"}]},{"@type":"WebSite","@id":"https:\/\/educa4.com.br\/#website","url":"https:\/\/educa4.com.br\/","name":"Educa 4","description":"Sua Porta de Entrada para o Conhecimento.","potentialAction":[{"@type":"SearchAction","target":{"@type":"EntryPoint","urlTemplate":"https:\/\/educa4.com.br\/?s={search_term_string}"},"query-input":{"@type":"PropertyValueSpecification","valueRequired":true,"valueName":"search_term_string"}}],"inLanguage":"pt-BR"}]}},"_hostinger_reach_plugin_has_subscription_block":false,"_hostinger_reach_plugin_is_elementor":false,"_links":{"self":[{"href":"https:\/\/educa4.com.br\/index.php\/wp-json\/wp\/v2\/pages\/35","targetHints":{"allow":["GET"]}}],"collection":[{"href":"https:\/\/educa4.com.br\/index.php\/wp-json\/wp\/v2\/pages"}],"about":[{"href":"https:\/\/educa4.com.br\/index.php\/wp-json\/wp\/v2\/types\/page"}],"author":[{"embeddable":true,"href":"https:\/\/educa4.com.br\/index.php\/wp-json\/wp\/v2\/users\/1"}],"replies":[{"embeddable":true,"href":"https:\/\/educa4.com.br\/index.php\/wp-json\/wp\/v2\/comments?post=35"}],"version-history":[{"count":2,"href":"https:\/\/educa4.com.br\/index.php\/wp-json\/wp\/v2\/pages\/35\/revisions"}],"predecessor-version":[{"id":58,"href":"https:\/\/educa4.com.br\/index.php\/wp-json\/wp\/v2\/pages\/35\/revisions\/58"}],"wp:attachment":[{"href":"https:\/\/educa4.com.br\/index.php\/wp-json\/wp\/v2\/media?parent=35"}],"curies":[{"name":"wp","href":"https:\/\/api.w.org\/{rel}","templated":true}]}}