{"id":33,"date":"2020-10-23T00:48:15","date_gmt":"2020-10-23T00:48:15","guid":{"rendered":"https:\/\/tudoead.com.br\/?page_id=33"},"modified":"2020-10-23T18:27:34","modified_gmt":"2020-10-23T18:27:34","slug":"quem-somos","status":"publish","type":"page","link":"https:\/\/educa4.com.br\/index.php\/quem-somos\/","title":{"rendered":"Quem Somos"},"content":{"rendered":"<h1 class=\"text-red font-weight-light mb-3 aos-init aos-animate\" data-aos=\"fade-down\">SOBRE O TUDO EAD<\/h1>\n<p class=\"aos-init aos-animate\" data-aos=\"fade-up\" data-aos-delay=\"200\">O <strong><span style=\"color: #0000ff;\">Tudo EAD<\/span><\/strong> \u00e9 o Portal de Capta\u00e7\u00e3o do Grupo GBE Brasil Ltda., empresa licenciada da <span style=\"color: #ff0000;\"><strong>SKILL.ED by Pearson, <\/strong><span style=\"color: #000000;\">com sede<\/span><\/span> em Barueri\/Alphaville &#8211; SP.<\/p>\n<p class=\"aos-init aos-animate\" data-aos=\"fade-up\" data-aos-delay=\"200\">O Tudo EAD tem como principal objetivo, levar at\u00e9 voc\u00ea, a melhor educa\u00e7\u00e3o e qualifica\u00e7\u00e3o a dist\u00e2ncia do pa\u00eds e do mundo, de forma \u00e1gil, flex\u00edvel e acess\u00edvel, oferecendo forma\u00e7\u00e3o de qualidade, preparando com excel\u00eancia para o mercado, possibilitando que voc\u00ea alcance seus objetivos e metas profissionais.<\/p>\n<h1 class=\"text-red font-weight-light mb-3 aos-init aos-animate\" data-aos=\"fade-down\">SOBRE O SKILL.ED<\/h1>\n<p class=\"aos-init aos-animate\" data-aos=\"fade-up\" data-aos-delay=\"200\">O <span style=\"color: #ff0000;\"><strong>SKILL.ED by Pearson<\/strong><\/span> foi desenvolvido para proporcionar novas experi\u00eancias de ensino para crian\u00e7as, adolescentes e adultos por meio de solu\u00e7\u00f5es exclusivas que seguem o aprendizado cont\u00ednuo, respeitando as necessidades de cada fase da vida do aluno.<\/p>\n<p class=\"aos-init aos-animate\" data-aos=\"fade-up\" data-aos-delay=\"400\">Aqui, voc\u00ea encontrar\u00e1 cursos nas \u00e1reas de Carreira &amp; Desenvolvimento, Tecnologia &amp; Inova\u00e7\u00e3o, Marketing &amp; Vendas e Gest\u00e3o &amp; Neg\u00f3cios.<\/p>\n","protected":false},"excerpt":{"rendered":"<p>SOBRE O TUDO EAD O Tudo EAD \u00e9 o Portal de Capta\u00e7\u00e3o do Grupo GBE Brasil Ltda., empresa licenciada da SKILL.ED by Pearson, com sede em Barueri\/Alphaville &#8211; SP. O Tudo EAD tem como principal objetivo, levar at\u00e9 voc\u00ea, a &hellip; <a href=\"https:\/\/educa4.com.br\/index.php\/quem-somos\/\">Conte\u00fado<\/a><\/p>\n","protected":false},"author":1,"featured_media":0,"parent":0,"menu_order":0,"comment_status":"closed","ping_status":"closed","template":"","meta":{"footnotes":""},"class_list":["post-33","page","type-page","status-publish","hentry"],"yoast_head":"<!-- This site is optimized with the Yoast SEO plugin v26.2 - https:\/\/yoast.com\/wordpress\/plugins\/seo\/ -->\n<title>Quem Somos - Educa 4<\/title>\n<meta name=\"robots\" content=\"noindex, follow, max-snippet:-1, max-image-preview:large, max-video-preview:-1\" \/>\n<meta property=\"og:locale\" content=\"pt_BR\" \/>\n<meta property=\"og:type\" content=\"article\" \/>\n<meta property=\"og:title\" content=\"Quem Somos - Educa 4\" \/>\n<meta property=\"og:description\" content=\"SOBRE O TUDO EAD O Tudo EAD \u00e9 o Portal de Capta\u00e7\u00e3o do Grupo GBE Brasil Ltda., empresa licenciada da SKILL.ED by Pearson, com sede em Barueri\/Alphaville &#8211; SP. O Tudo EAD tem como principal objetivo, levar at\u00e9 voc\u00ea, a &hellip; Conte\u00fado\" \/>\n<meta property=\"og:url\" content=\"https:\/\/educa4.com.br\/index.php\/quem-somos\/\" \/>\n<meta property=\"og:site_name\" content=\"Educa 4\" \/>\n<meta property=\"article:modified_time\" content=\"2020-10-23T18:27:34+00:00\" \/>\n<meta name=\"twitter:card\" content=\"summary_large_image\" \/>\n<meta name=\"twitter:label1\" content=\"Est. tempo de leitura\" \/>\n\t<meta name=\"twitter:data1\" content=\"1 minuto\" \/>\n<script type=\"application\/ld+json\" class=\"yoast-schema-graph\">{\"@context\":\"https:\/\/schema.org\",\"@graph\":[{\"@type\":\"WebPage\",\"@id\":\"https:\/\/educa4.com.br\/index.php\/quem-somos\/\",\"url\":\"https:\/\/educa4.com.br\/index.php\/quem-somos\/\",\"name\":\"Quem Somos - Educa 4\",\"isPartOf\":{\"@id\":\"https:\/\/educa4.com.br\/#website\"},\"datePublished\":\"2020-10-23T00:48:15+00:00\",\"dateModified\":\"2020-10-23T18:27:34+00:00\",\"breadcrumb\":{\"@id\":\"https:\/\/educa4.com.br\/index.php\/quem-somos\/#breadcrumb\"},\"inLanguage\":\"pt-BR\",\"potentialAction\":[{\"@type\":\"ReadAction\",\"target\":[\"https:\/\/educa4.com.br\/index.php\/quem-somos\/\"]}]},{\"@type\":\"BreadcrumbList\",\"@id\":\"https:\/\/educa4.com.br\/index.php\/quem-somos\/#breadcrumb\",\"itemListElement\":[{\"@type\":\"ListItem\",\"position\":1,\"name\":\"Home\",\"item\":\"https:\/\/educa4.com.br\/\"},{\"@type\":\"ListItem\",\"position\":2,\"name\":\"Quem Somos\"}]},{\"@type\":\"WebSite\",\"@id\":\"https:\/\/educa4.com.br\/#website\",\"url\":\"https:\/\/educa4.com.br\/\",\"name\":\"Educa 4\",\"description\":\"Sua Porta de Entrada para o Conhecimento.\",\"potentialAction\":[{\"@type\":\"SearchAction\",\"target\":{\"@type\":\"EntryPoint\",\"urlTemplate\":\"https:\/\/educa4.com.br\/?s={search_term_string}\"},\"query-input\":{\"@type\":\"PropertyValueSpecification\",\"valueRequired\":true,\"valueName\":\"search_term_string\"}}],\"inLanguage\":\"pt-BR\"}]}<\/script>\n<!-- \/ Yoast SEO plugin. -->","yoast_head_json":{"title":"Quem Somos - Educa 4","robots":{"index":"noindex","follow":"follow","max-snippet":"max-snippet:-1","max-image-preview":"max-image-preview:large","max-video-preview":"max-video-preview:-1"},"og_locale":"pt_BR","og_type":"article","og_title":"Quem Somos - Educa 4","og_description":"SOBRE O TUDO EAD O Tudo EAD \u00e9 o Portal de Capta\u00e7\u00e3o do Grupo GBE Brasil Ltda., empresa licenciada da SKILL.ED by Pearson, com sede em Barueri\/Alphaville &#8211; SP. O Tudo EAD tem como principal objetivo, levar at\u00e9 voc\u00ea, a &hellip; Conte\u00fado","og_url":"https:\/\/educa4.com.br\/index.php\/quem-somos\/","og_site_name":"Educa 4","article_modified_time":"2020-10-23T18:27:34+00:00","twitter_card":"summary_large_image","twitter_misc":{"Est. tempo de leitura":"1 minuto"},"schema":{"@context":"https:\/\/schema.org","@graph":[{"@type":"WebPage","@id":"https:\/\/educa4.com.br\/index.php\/quem-somos\/","url":"https:\/\/educa4.com.br\/index.php\/quem-somos\/","name":"Quem Somos - Educa 4","isPartOf":{"@id":"https:\/\/educa4.com.br\/#website"},"datePublished":"2020-10-23T00:48:15+00:00","dateModified":"2020-10-23T18:27:34+00:00","breadcrumb":{"@id":"https:\/\/educa4.com.br\/index.php\/quem-somos\/#breadcrumb"},"inLanguage":"pt-BR","potentialAction":[{"@type":"ReadAction","target":["https:\/\/educa4.com.br\/index.php\/quem-somos\/"]}]},{"@type":"BreadcrumbList","@id":"https:\/\/educa4.com.br\/index.php\/quem-somos\/#breadcrumb","itemListElement":[{"@type":"ListItem","position":1,"name":"Home","item":"https:\/\/educa4.com.br\/"},{"@type":"ListItem","position":2,"name":"Quem Somos"}]},{"@type":"WebSite","@id":"https:\/\/educa4.com.br\/#website","url":"https:\/\/educa4.com.br\/","name":"Educa 4","description":"Sua Porta de Entrada para o Conhecimento.","potentialAction":[{"@type":"SearchAction","target":{"@type":"EntryPoint","urlTemplate":"https:\/\/educa4.com.br\/?s={search_term_string}"},"query-input":{"@type":"PropertyValueSpecification","valueRequired":true,"valueName":"search_term_string"}}],"inLanguage":"pt-BR"}]}},"_hostinger_reach_plugin_has_subscription_block":false,"_hostinger_reach_plugin_is_elementor":false,"_links":{"self":[{"href":"https:\/\/educa4.com.br\/index.php\/wp-json\/wp\/v2\/pages\/33","targetHints":{"allow":["GET"]}}],"collection":[{"href":"https:\/\/educa4.com.br\/index.php\/wp-json\/wp\/v2\/pages"}],"about":[{"href":"https:\/\/educa4.com.br\/index.php\/wp-json\/wp\/v2\/types\/page"}],"author":[{"embeddable":true,"href":"https:\/\/educa4.com.br\/index.php\/wp-json\/wp\/v2\/users\/1"}],"replies":[{"embeddable":true,"href":"https:\/\/educa4.com.br\/index.php\/wp-json\/wp\/v2\/comments?post=33"}],"version-history":[{"count":7,"href":"https:\/\/educa4.com.br\/index.php\/wp-json\/wp\/v2\/pages\/33\/revisions"}],"predecessor-version":[{"id":64,"href":"https:\/\/educa4.com.br\/index.php\/wp-json\/wp\/v2\/pages\/33\/revisions\/64"}],"wp:attachment":[{"href":"https:\/\/educa4.com.br\/index.php\/wp-json\/wp\/v2\/media?parent=33"}],"curies":[{"name":"wp","href":"https:\/\/api.w.org\/{rel}","templated":true}]}}